{"id":109,"date":"2020-08-17T18:56:52","date_gmt":"2020-08-17T16:56:52","guid":{"rendered":"https:\/\/fondationnsoni.ch\/?page_id=109"},"modified":"2022-10-25T16:24:21","modified_gmt":"2022-10-25T14:24:21","slug":"ueber-mich","status":"publish","type":"page","link":"https:\/\/fondationnsoni.ch\/fr\/ueber-mich\/","title":{"rendered":"\u00c0 propos de moi"},"content":{"rendered":"\n<p>Je suis Cerruti Nsoni, n\u00e9 le 25 mars 1985 en R\u00e9publique d\u00e9mocratique du Congo. Je vis depuis 2012 en Suisse, je suis \u00e9galement auteur, compositeur et interpr\u00e8te sous le nom de sc\u00e8ne de Garcia85. <\/p>\n\n\n\n<figure class=\"wp-block-image size-full\"><img loading=\"lazy\" width=\"533\" height=\"800\" src=\"https:\/\/fondationnsoni.ch\/wp-content\/uploads\/2022\/10\/nsoni-cerruti-on-white-backgr-533x800-1.jpg\" alt=\"\" class=\"wp-image-422\" srcset=\"https:\/\/fondationnsoni.ch\/wp-content\/uploads\/2022\/10\/nsoni-cerruti-on-white-backgr-533x800-1.jpg 533w, https:\/\/fondationnsoni.ch\/wp-content\/uploads\/2022\/10\/nsoni-cerruti-on-white-backgr-533x800-1-200x300.jpg 200w\" sizes=\"(max-width: 533px) 100vw, 533px\" \/><\/figure>\n\n\n\n<p>Je suis issu d&rsquo;une famille tr\u00e8s modeste, ma grand-m\u00e8re devait vendre de cacahu\u00e8tes pour subvenir \u00e0 mes besoins et financer ma scolarit\u00e9. La scolarit\u00e9 et l&rsquo;instruction et jouissant d&rsquo;une importance fondamentale dans la vie d&rsquo;un enfant, j&rsquo;ai d\u00e9cid\u00e9 en 2019 de mettre en place une structure \u00e0 vocation humanitaire que j&rsquo;ai d\u00e9nomm\u00e9 \u00ab\u00a0Fondation Nsoni\u00a0\u00bb pour apporter mon soutien aux femmes et aux enfants.<\/p>\n\n\n\n<figure class=\"wp-block-image size-full is-style-default\"><img loading=\"lazy\" width=\"542\" height=\"800\" src=\"https:\/\/fondationnsoni.ch\/wp-content\/uploads\/2020\/08\/nsoni-cerruti-on-stair-542x800-1.jpg\" alt=\"\" class=\"wp-image-134\" srcset=\"https:\/\/fondationnsoni.ch\/wp-content\/uploads\/2020\/08\/nsoni-cerruti-on-stair-542x800-1.jpg 542w, https:\/\/fondationnsoni.ch\/wp-content\/uploads\/2020\/08\/nsoni-cerruti-on-stair-542x800-1-203x300.jpg 203w\" sizes=\"(max-width: 542px) 100vw, 542px\" \/><\/figure>\n\n\n\n<p>Je suis tr\u00e8s heureux et fier de projets que nous avons mis en place en peu de temps gr\u00e2ce \u00e0 la volont\u00e9, la d\u00e9termination et la passion humanitaire qui nous animent. Je suis surtout persuad\u00e9 que tous projets n&rsquo;auraient pas vu le jour sans les dons, la g\u00e9n\u00e9rosit\u00e9 et le soutien de mes proches, de mes amis et \u00e0 tous les passionn\u00e9s des actions humanitaires qui ont cru en moi. \u00c0 tous et \u00e0 toutes je vous dis un grand merci du fond de mon C\u0153ur\u2026<\/p>\n\n\n\n<figure class=\"wp-block-image size-full is-style-default\"><img loading=\"lazy\" width=\"564\" height=\"800\" src=\"https:\/\/fondationnsoni.ch\/wp-content\/uploads\/2022\/10\/nsoni-cerruti-with-guitar-564x800-1.jpg\" alt=\"\" class=\"wp-image-423\" srcset=\"https:\/\/fondationnsoni.ch\/wp-content\/uploads\/2022\/10\/nsoni-cerruti-with-guitar-564x800-1.jpg 564w, https:\/\/fondationnsoni.ch\/wp-content\/uploads\/2022\/10\/nsoni-cerruti-with-guitar-564x800-1-212x300.jpg 212w\" sizes=\"(max-width: 564px) 100vw, 564px\" \/><\/figure>\n","protected":false},"excerpt":{"rendered":"<p>Je suis Cerruti Nsoni, n\u00e9 le 25 mars 1985 en R\u00e9publique d\u00e9mocratique du Congo. Je vis depuis 2012 en Suisse, je suis \u00e9galement auteur, compositeur et interpr\u00e8te sous le nom de sc\u00e8ne de Garcia85. Je suis issu d&rsquo;une famille tr\u00e8s modeste, ma grand-m\u00e8re devait vendre de cacahu\u00e8tes pour subvenir \u00e0 mes besoins et financer ma [&hellip;]<\/p>\n","protected":false},"author":1,"featured_media":0,"parent":0,"menu_order":0,"comment_status":"closed","ping_status":"closed","template":"page-full.php","meta":[],"translation":{"provider":"WPGlobus","version":"2.10.4","language":"fr","enabled_languages":["de","en","fr"],"languages":{"de":{"title":true,"content":true,"excerpt":false},"en":{"title":true,"content":true,"excerpt":false},"fr":{"title":true,"content":true,"excerpt":false}}},"_links":{"self":[{"href":"https:\/\/fondationnsoni.ch\/fr\/wp-json\/wp\/v2\/pages\/109"}],"collection":[{"href":"https:\/\/fondationnsoni.ch\/fr\/wp-json\/wp\/v2\/pages"}],"about":[{"href":"https:\/\/fondationnsoni.ch\/fr\/wp-json\/wp\/v2\/types\/page"}],"author":[{"embeddable":true,"href":"https:\/\/fondationnsoni.ch\/fr\/wp-json\/wp\/v2\/users\/1"}],"replies":[{"embeddable":true,"href":"https:\/\/fondationnsoni.ch\/fr\/wp-json\/wp\/v2\/comments?post=109"}],"version-history":[{"count":38,"href":"https:\/\/fondationnsoni.ch\/fr\/wp-json\/wp\/v2\/pages\/109\/revisions"}],"predecessor-version":[{"id":426,"href":"https:\/\/fondationnsoni.ch\/fr\/wp-json\/wp\/v2\/pages\/109\/revisions\/426"}],"wp:attachment":[{"href":"https:\/\/fondationnsoni.ch\/fr\/wp-json\/wp\/v2\/media?parent=109"}],"curies":[{"name":"wp","href":"https:\/\/api.w.org\/{rel}","templated":true}]}}