{"id":158,"date":"2020-08-17T22:58:20","date_gmt":"2020-08-17T20:58:20","guid":{"rendered":"https:\/\/fondationnsoni.ch\/?page_id=158"},"modified":"2020-11-12T03:22:34","modified_gmt":"2020-11-12T02:22:34","slug":"spenden","status":"publish","type":"page","link":"https:\/\/fondationnsoni.ch\/fr\/spenden\/","title":{"rendered":"faire un don"},"content":{"rendered":"\n<p class=\"has-medium-font-size\"><strong>PayPal<\/strong>:<br><br><\/p>\n\n\n\n<div class=\"wp-container-5 wp-block-group\"><div class=\"wp-block-group__inner-container\">\n<div class=\"wp-container-3 wp-block-group\"><div class=\"wp-block-group__inner-container\">\n<div class=\"wp-container-1 wp-block-group\"><div class=\"wp-block-group__inner-container\">\n<form action=\"https:\/\/www.paypal.com\/cgi-bin\/webscr\" method=\"post\" target=\"_top\">\n<input type=\"hidden\" name=\"cmd\" value=\"_s-xclick\">\n<input type=\"hidden\" name=\"hosted_button_id\" value=\"2796UPXHGXZGU\">\n<input type=\"image\" src=\"https:\/\/www.paypalobjects.com\/en_US\/CH\/i\/btn\/btn_donateCC_LG.gif\" name=\"submit\" title=\"PayPal - The safer, easier way to pay online!\" alt=\"Donate with PayPal button\" border=\"0\">\n<img loading=\"lazy\" alt=\"\" src=\"https:\/\/www.paypal.com\/en_CH\/i\/scr\/pixel.gif\" width=\"1\" height=\"1\" border=\"0\">\n<\/form>\n<\/div><\/div>\n\n\n\n<div class=\"wp-container-2 wp-block-group\"><div class=\"wp-block-group__inner-container\">\n<div class=\"wp-block-image\"><figure class=\"alignleft size-large\"><img loading=\"lazy\" width=\"128\" height=\"128\" src=\"https:\/\/fondationnsoni.ch\/wp-content\/uploads\/2020\/09\/NSONI_PayPal_QR-Code.png\" alt=\"\" class=\"wp-image-256\"\/><figcaption>PayPal Donate<\/figcaption><\/figure><\/div>\n\n\n\n<p><\/p>\n<\/div><\/div>\n<\/div><\/div>\n\n\n\n<div class=\"wp-container-4 wp-block-group\"><div class=\"wp-block-group__inner-container\"><\/div><\/div>\n<\/div><\/div>\n\n\n\n<div style=\"height:23px\" aria-hidden=\"true\" class=\"wp-block-spacer\"><\/div>\n\n\n\n<p>Les dons peuvent \u00eatre vers\u00e9s directement sur notre compte. Veuillez nous informer en m\u00eame temps en utilisant le formulaire de contact.<br><br><\/p>\n\n\n\n<p>Faire un don de compte:<br>Num\u00e9ro de compte: 05100-95101-00105268201-70<br>Swift: RAWBCDKI<br>IBAN: (indisponible)<br><br>RAWBANK SA<br>CONCORDE, NO. 3487, BOULEVARD DU 30 JUIN<br>KINSHASA, Congo, R\u00e9publique d\u00e9mocratique<\/p>\n","protected":false},"excerpt":{"rendered":"<p>PayPal: Les dons peuvent \u00eatre vers\u00e9s directement sur notre compte. Veuillez nous informer en m\u00eame temps en utilisant le formulaire de contact. Faire un don de compte:Num\u00e9ro de compte: 05100-95101-00105268201-70Swift: RAWBCDKIIBAN: (indisponible) RAWBANK SACONCORDE, NO. 3487, BOULEVARD DU 30 JUINKINSHASA, Congo, R\u00e9publique d\u00e9mocratique<\/p>\n","protected":false},"author":1,"featured_media":0,"parent":0,"menu_order":0,"comment_status":"closed","ping_status":"closed","template":"page-contact.php","meta":[],"translation":{"provider":"WPGlobus","version":"2.10.4","language":"fr","enabled_languages":["de","en","fr"],"languages":{"de":{"title":true,"content":true,"excerpt":false},"en":{"title":true,"content":true,"excerpt":false},"fr":{"title":true,"content":true,"excerpt":false}}},"_links":{"self":[{"href":"https:\/\/fondationnsoni.ch\/fr\/wp-json\/wp\/v2\/pages\/158"}],"collection":[{"href":"https:\/\/fondationnsoni.ch\/fr\/wp-json\/wp\/v2\/pages"}],"about":[{"href":"https:\/\/fondationnsoni.ch\/fr\/wp-json\/wp\/v2\/types\/page"}],"author":[{"embeddable":true,"href":"https:\/\/fondationnsoni.ch\/fr\/wp-json\/wp\/v2\/users\/1"}],"replies":[{"embeddable":true,"href":"https:\/\/fondationnsoni.ch\/fr\/wp-json\/wp\/v2\/comments?post=158"}],"version-history":[{"count":38,"href":"https:\/\/fondationnsoni.ch\/fr\/wp-json\/wp\/v2\/pages\/158\/revisions"}],"predecessor-version":[{"id":347,"href":"https:\/\/fondationnsoni.ch\/fr\/wp-json\/wp\/v2\/pages\/158\/revisions\/347"}],"wp:attachment":[{"href":"https:\/\/fondationnsoni.ch\/fr\/wp-json\/wp\/v2\/media?parent=158"}],"curies":[{"name":"wp","href":"https:\/\/api.w.org\/{rel}","templated":true}]}}