{"id":24,"date":"2020-07-29T23:22:29","date_gmt":"2020-07-29T21:22:29","guid":{"rendered":"https:\/\/fondationnsoni.ch\/?page_id=24"},"modified":"2022-10-27T11:36:38","modified_gmt":"2022-10-27T09:36:38","slug":"fondation-nsoni","status":"publish","type":"page","link":"https:\/\/fondationnsoni.ch\/fr\/fondation-nsoni\/","title":{"rendered":"NSONI"},"content":{"rendered":"\n<p>La fondation Nsoni est une organisation philantropique qui vient en aide aux femmes et aux enfants en d\u00e9tresse en R\u00e9publique d\u00e9mocratique du Congo. Gr\u00e2ce aux dons et \u00e0 la contribution financi\u00e8re de son initiateur, plusieurs autres petits projets sont mis en place au Cameroun et au Nigeria. Nos collaborateurs sont tous de b\u00e9n\u00e9voles passionn\u00e9s des actions humanitaires.<\/p>\n\n\n<div class=\"wp-block-image\">\n<figure class=\"aligncenter size-large\"><img loading=\"lazy\" width=\"653\" height=\"653\" src=\"https:\/\/fondationnsoni.ch\/wp-content\/uploads\/2020\/07\/nsoni-logo-ico.jpg\" alt=\"\" class=\"wp-image-5\" srcset=\"https:\/\/fondationnsoni.ch\/wp-content\/uploads\/2020\/07\/nsoni-logo-ico.jpg 653w, https:\/\/fondationnsoni.ch\/wp-content\/uploads\/2020\/07\/nsoni-logo-ico-300x300.jpg 300w, https:\/\/fondationnsoni.ch\/wp-content\/uploads\/2020\/07\/nsoni-logo-ico-150x150.jpg 150w, https:\/\/fondationnsoni.ch\/wp-content\/uploads\/2020\/07\/nsoni-logo-ico-185x185.jpg 185w, https:\/\/fondationnsoni.ch\/wp-content\/uploads\/2020\/07\/nsoni-logo-ico-164x164.jpg 164w, https:\/\/fondationnsoni.ch\/wp-content\/uploads\/2020\/07\/nsoni-logo-ico-184x184.jpg 184w\" sizes=\"(max-width: 653px) 100vw, 653px\" \/><\/figure><\/div>\n\n\n<p><\/p>\n","protected":false},"excerpt":{"rendered":"<p>La fondation Nsoni est une organisation philantropique qui vient en aide aux femmes et aux enfants en d\u00e9tresse en R\u00e9publique d\u00e9mocratique du Congo. Gr\u00e2ce aux dons et \u00e0 la contribution financi\u00e8re de son initiateur, plusieurs autres petits projets sont mis en place au Cameroun et au Nigeria. Nos collaborateurs sont tous de b\u00e9n\u00e9voles passionn\u00e9s des [&hellip;]<\/p>\n","protected":false},"author":1,"featured_media":0,"parent":0,"menu_order":0,"comment_status":"closed","ping_status":"closed","template":"page-full.php","meta":[],"translation":{"provider":"WPGlobus","version":"2.10.4","language":"fr","enabled_languages":["de","en","fr"],"languages":{"de":{"title":true,"content":true,"excerpt":false},"en":{"title":true,"content":true,"excerpt":false},"fr":{"title":true,"content":true,"excerpt":false}}},"_links":{"self":[{"href":"https:\/\/fondationnsoni.ch\/fr\/wp-json\/wp\/v2\/pages\/24"}],"collection":[{"href":"https:\/\/fondationnsoni.ch\/fr\/wp-json\/wp\/v2\/pages"}],"about":[{"href":"https:\/\/fondationnsoni.ch\/fr\/wp-json\/wp\/v2\/types\/page"}],"author":[{"embeddable":true,"href":"https:\/\/fondationnsoni.ch\/fr\/wp-json\/wp\/v2\/users\/1"}],"replies":[{"embeddable":true,"href":"https:\/\/fondationnsoni.ch\/fr\/wp-json\/wp\/v2\/comments?post=24"}],"version-history":[{"count":27,"href":"https:\/\/fondationnsoni.ch\/fr\/wp-json\/wp\/v2\/pages\/24\/revisions"}],"predecessor-version":[{"id":512,"href":"https:\/\/fondationnsoni.ch\/fr\/wp-json\/wp\/v2\/pages\/24\/revisions\/512"}],"wp:attachment":[{"href":"https:\/\/fondationnsoni.ch\/fr\/wp-json\/wp\/v2\/media?parent=24"}],"curies":[{"name":"wp","href":"https:\/\/api.w.org\/{rel}","templated":true}]}}